{"id":162,"date":"2014-05-03T17:11:23","date_gmt":"2014-05-03T15:11:23","guid":{"rendered":"http:\/\/agvs.at\/tattoo\/?page_id=162"},"modified":"2014-05-08T00:24:41","modified_gmt":"2014-05-07T22:24:41","slug":"neue-startseite","status":"publish","type":"page","link":"http:\/\/tattoo-und-ethnoshop.de\/","title":{"rendered":"Willkommen"},"content":{"rendered":"<div class=\"cc-tp-footer2\">\n<div style=\"position: fixed; bottom: 0px; right: 5px;\">\n        <a href=\"https:\/\/www.facebook.com\/pages\/Tattoo-und-Ethnoshop\/329643210349\" target=\"_blank\"><img src=\"http:\/\/agvs.at\/camilli\/untenrechts\/fb.png\"><\/a>\n    <\/div>\n<\/div>\n<p><b>Unser wunderbares, traditionsreiches Studio besteht bereits seit dem Jahre 1994. Damit sind wir das \u00e4lteste Studio im Umkreis von 60km um Villingen-Schwenningen.<\/b><\/p>\n<div class='sc_column one_third ' ><img src=\"http:\/\/agvs.at\/tattoo\/wp-content\/uploads\/2014\/03\/Laden1-300x200.jpg\" alt=\"Laden1\" width=\"100%\" class=\"alignnone size-medium wp-image-33\" srcset=\"http:\/\/tattoo-und-ethnoshop.de\/wp-content\/uploads\/2014\/03\/Laden1-300x200.jpg 300w, http:\/\/tattoo-und-ethnoshop.de\/wp-content\/uploads\/2014\/03\/Laden1-500x334.jpg 500w, http:\/\/tattoo-und-ethnoshop.de\/wp-content\/uploads\/2014\/03\/Laden1.jpg 636w\" sizes=\"(max-width: 300px) 100vw, 300px\" \/><\/div><div class='sc_column one_third ' >\n<p style=\"text-align: justify;\">Durch unsere jahrzehnte lange Erfahrung im Bereich des Piercings und T\u00e4towieren k\u00f6nnen wir auf ein umfangreiches und stil\u00fcbergreifendes Repertoire zur\u00fcckgreifen.<\/p>\n<p style=\"text-align: justify;\">Jeder Kunde der unseren Laden betritt wird durch Claus empfangen und nach dem \u00e4u\u00dfern seines Wunsches individuell \u00fcber die Umsetzung oder eventuelle Alternativen beraten.<\/p>\n<p style=\"text-align: justify;\">Wir versuchen wirklich jeden Wunsch zu erf\u00fcllen solange er nicht gegen die guten Sitten oder irgendein Gesetz verst\u00f6\u00dft.<\/p>\n<\/div><div class='sc_column one_third last ' >\n<p style=\"text-align: justify;\">Sollten wir dies einmal nicht k\u00f6nnen suchen wir solange nach einer Alternative bis der Kunde sagt, dass es dem entspricht was er sich vorgestellt hat.<\/p>\n<p style=\"text-align: justify;\">Eine gro\u00dfe Vorliebe unseres Studios ist, das individuelle gestalten der Motive. Aber auch eigene Ideen (Skizzen etc.) werden nat\u00fcrlich ber\u00fccksichtigt und wenn m\u00f6glich umgesetzt.<\/p>\n<p style=\"text-align: justify;\">Bei uns soll jeder sein pers\u00f6nliches Tattoo bekommen und keine Kopien oder Duplikate anderer K\u00fcnstler und Kollegen.<\/p>\n<\/div><div class='clear'><\/div>\n&nbsp;<br \/>\n<div class='sc_column one_third ' ><center><\/p>\n<div style=\"text-align: center\">&nbsp;<\/div>\n<p><\/center><\/div><div class='sc_column two_third last ' >\n<p style=\"text-align: justify;\">In unserem Piercingbereich versuchen wir so weit es geht an die Grenzen des Umsetzbaren zu gehen und durch professionelle Erweiterung unseres K\u00f6nnens alles anzubieten was anatomisch machbar ist. Au\u00dferdem haben wir ein sehr umfangreiches Schmuckangebot das wir st\u00e4ndig erweitern.<\/p>\n<\/div><div class='clear'><\/div>\n&nbsp;<br \/>\n&nbsp;<br \/>\n&nbsp;<br \/>\n<div class='sc_column one_fourth ' ><a href=\"http:\/\/agvs.at\/tattoo\/?page_id=6\"><img src=\"http:\/\/agvs.at\/tattoo\/wp-content\/uploads\/2014\/03\/11.jpg\" width=\"100%\"><\/a><\/div><div class='sc_column one_fourth ' >\n<h4>Tattoo Claus<\/h4>\n<p style=\"text-align: justify;\">Claus pierct und t\u00e4towiert gerna au\u00dfergew\u00f6hnliche und verr\u00fcckte Tattoos.<\/p>\n<p>&nbsp;<br \/>\n<a href=\"http:\/\/agvs.at\/tattoo\/?page_id=6\">Mehr Informationen ><\/a><\/div><div class='sc_column one_fourth ' ><a href=\"http:\/\/agvs.at\/tattoo\/?page_id=7\"><img src=\"http:\/\/agvs.at\/tattoo\/wp-content\/uploads\/2014\/03\/1.jpg\" width=\"100%\"><\/a><\/div><div class='sc_column one_fourth last ' >\n<h4>Tattoo Thomas<\/h4>\n<p style=\"text-align: justify;\">Das Urgestein des Tat\u00f6wierens liebt das Stechen traditioneller Bilder, sowie Portr\u00e4ts.<\/p>\n<p><a href=\"http:\/\/agvs.at\/tattoo\/?page_id=7\">Mehr Informationen ><\/a><\/div><div class='clear'><\/div>\n&nbsp;<br \/>\n&nbsp;<br \/>\n&nbsp;<br \/>\n<div class='sc_column one_fourth ' ><a href=\"http:\/\/agvs.at\/tattoo\/?page_id=9\"><img src=\"http:\/\/agvs.at\/tattoo\/wp-content\/uploads\/2014\/03\/DSC_0251.jpg\" width=\"100%\"><\/a><\/div><div class='sc_column one_fourth ' >\n<h4>Bodymodification<\/h4>\n<p style=\"text-align: justify;\">Von einfachen Piercings, \u00fcber Implantate, Branding, bis hin zu Zungensplits.<\/p>\n<p>&nbsp;<br \/>\n<a href=\"http:\/\/agvs.at\/tattoo\/?page_id=9\">Mehr Informationen ><\/a><\/div><div class='sc_column one_fourth ' ><a href=\"http:\/\/agvs.at\/tattoo\/?page_id=226\"><img src=\"http:\/\/agvs.at\/tattoo\/wp-content\/uploads\/2014\/03\/DSC_00241-300x200.jpg\" width=\"100%\"><\/a><\/div><div class='sc_column one_fourth last ' >\n<h4>Ethnoshop<\/h4>\n<p style=\"text-align: justify;\">Wir verkaufen Schmuckst\u00fccke aus der ganzen Welt.<\/p>\n<p>&nbsp;<br \/>\n<a href=\"http:\/\/agvs.at\/tattoo\/?page_id=226\">Mehr Informationen ><\/a><\/div><div class='clear'><\/div>\n","protected":false},"excerpt":{"rendered":"<p>Unser wunderbares, traditionsreiches Studio besteht bereits seit dem Jahre 1994. Damit sind wir das \u00e4lteste Studio im Umkreis von 60km um Villingen-Schwenningen. &nbsp; &nbsp; &nbsp; &nbsp; &nbsp; &nbsp; &nbsp;<\/p>\n","protected":false},"author":1,"featured_media":0,"parent":0,"menu_order":0,"comment_status":"open","ping_status":"open","template":"","meta":[],"_links":{"self":[{"href":"http:\/\/tattoo-und-ethnoshop.de\/index.php?rest_route=\/wp\/v2\/pages\/162"}],"collection":[{"href":"http:\/\/tattoo-und-ethnoshop.de\/index.php?rest_route=\/wp\/v2\/pages"}],"about":[{"href":"http:\/\/tattoo-und-ethnoshop.de\/index.php?rest_route=\/wp\/v2\/types\/page"}],"author":[{"embeddable":true,"href":"http:\/\/tattoo-und-ethnoshop.de\/index.php?rest_route=\/wp\/v2\/users\/1"}],"replies":[{"embeddable":true,"href":"http:\/\/tattoo-und-ethnoshop.de\/index.php?rest_route=%2Fwp%2Fv2%2Fcomments&post=162"}],"version-history":[{"count":5,"href":"http:\/\/tattoo-und-ethnoshop.de\/index.php?rest_route=\/wp\/v2\/pages\/162\/revisions"}],"predecessor-version":[{"id":299,"href":"http:\/\/tattoo-und-ethnoshop.de\/index.php?rest_route=\/wp\/v2\/pages\/162\/revisions\/299"}],"wp:attachment":[{"href":"http:\/\/tattoo-und-ethnoshop.de\/index.php?rest_route=%2Fwp%2Fv2%2Fmedia&parent=162"}],"curies":[{"name":"wp","href":"https:\/\/api.w.org\/{rel}","templated":true}]}}